{"id":903,"date":"2021-04-07T14:00:12","date_gmt":"2021-04-07T17:00:12","guid":{"rendered":"https:\/\/ajcultura.com.br\/bienal\/?page_id=903"},"modified":"2021-04-07T14:01:07","modified_gmt":"2021-04-07T17:01:07","slug":"artista-bienal-charlon-bueno","status":"publish","type":"page","link":"https:\/\/ajcultura.com.br\/bienal\/artistas-bienal\/artista-bienal-charlon-bueno\/","title":{"rendered":"Artista Bienal &#8211; Charlon Bueno"},"content":{"rendered":"[vc_row type=&#8221;full_width_background&#8221; full_screen_row_position=&#8221;middle&#8221; column_margin=&#8221;default&#8221; column_direction=&#8221;default&#8221; column_direction_tablet=&#8221;default&#8221; column_direction_phone=&#8221;default&#8221; bg_image=&#8221;123&#8243; bg_position=&#8221;left top&#8221; bg_repeat=&#8221;repeat&#8221; scene_position=&#8221;center&#8221; top_padding=&#8221;2%&#8221; text_color=&#8221;dark&#8221; text_align=&#8221;left&#8221; row_border_radius=&#8221;none&#8221; row_border_radius_applies=&#8221;bg&#8221; overlay_strength=&#8221;0.3&#8243; gradient_direction=&#8221;left_b_to_right_t&#8221; shape_divider_position=&#8221;bottom&#8221; bg_image_animation=&#8221;none&#8221; shape_type=&#8221;&#8221;][vc_column column_padding=&#8221;no-extra-padding&#8221; column_padding_tablet=&#8221;inherit&#8221; column_padding_phone=&#8221;inherit&#8221; column_padding_position=&#8221;all&#8221; background_color_opacity=&#8221;1&#8243; background_hover_color_opacity=&#8221;1&#8243; column_shadow=&#8221;none&#8221; column_border_radius=&#8221;none&#8221; column_link_target=&#8221;_self&#8221; gradient_direction=&#8221;left_to_right&#8221; overlay_strength=&#8221;0.3&#8243; width=&#8221;1\/1&#8243; tablet_width_inherit=&#8221;default&#8221; tablet_text_alignment=&#8221;default&#8221; phone_text_alignment=&#8221;default&#8221; column_border_width=&#8221;none&#8221; column_border_style=&#8221;solid&#8221; bg_image_animation=&#8221;none&#8221;][divider line_type=&#8221;No Line&#8221; custom_height=&#8221;140px&#8221;][nectar_horizontal_list_item columns=&#8221;3&#8243; column_layout_using_3_columns=&#8221;even&#8221; col_1_text_align=&#8221;left&#8221; col_2_text_align=&#8221;left&#8221; col_3_text_align=&#8221;left&#8221; col_1_text_element=&#8221;p&#8221; col_2_text_element=&#8221;p&#8221; col_3_text_element=&#8221;p&#8221; font_family=&#8221;h6&#8243; hover_effect=&#8221;default&#8221; hover_color=&#8221;extra-color-2&#8243; icon_family=&#8221;none&#8221; icon_size=&#8221;regular&#8221; col_1_content=&#8221;I Bienal Virtual de Artes e Cultura&#8221; col_2_content=&#8221;18 de mar\u00e7o a 30 de abril de 2021&#8243; col_3_content=&#8221;Jaboticabal,SP&#8221;][divider line_type=&#8221;No Line&#8221; custom_height=&#8221;50px&#8221;][vc_row_inner column_margin=&#8221;default&#8221; column_direction=&#8221;default&#8221; column_direction_tablet=&#8221;default&#8221; column_direction_phone=&#8221;default&#8221; top_padding=&#8221;2%&#8221; text_align=&#8221;left&#8221;][vc_column_inner column_padding=&#8221;no-extra-padding&#8221; column_padding_tablet=&#8221;inherit&#8221; column_padding_phone=&#8221;inherit&#8221; column_padding_position=&#8221;all&#8221; background_color_opacity=&#8221;1&#8243; background_hover_color_opacity=&#8221;1&#8243; column_shadow=&#8221;none&#8221; column_border_radius=&#8221;none&#8221; column_link_target=&#8221;_self&#8221; gradient_direction=&#8221;left_to_right&#8221; overlay_strength=&#8221;0.3&#8243; width=&#8221;1\/1&#8243; tablet_width_inherit=&#8221;default&#8221; column_border_width=&#8221;none&#8221; column_border_style=&#8221;solid&#8221; bg_image_animation=&#8221;none&#8221;][vc_column_text]<span style=\"letter-spacing: -6px; font-weight: 900; text-transform: uppercase; font-family: AcuminProBlack,sans-serif; font-size: 58px; color: #00548d;\">Artista Bienal<\/span><\/p>\n<p>Identidade Cultural &#8211; M\u00fasica[\/vc_column_text][\/vc_column_inner][\/vc_row_inner][vc_row_inner column_margin=&#8221;default&#8221; column_direction=&#8221;default&#8221; column_direction_tablet=&#8221;default&#8221; column_direction_phone=&#8221;default&#8221; top_padding=&#8221;2%&#8221; text_align=&#8221;left&#8221;][vc_column_inner column_padding=&#8221;no-extra-padding&#8221; column_padding_tablet=&#8221;inherit&#8221; column_padding_phone=&#8221;inherit&#8221; column_padding_position=&#8221;all&#8221; background_color_opacity=&#8221;1&#8243; background_hover_color_opacity=&#8221;1&#8243; column_shadow=&#8221;none&#8221; column_border_radius=&#8221;none&#8221; column_link_target=&#8221;_self&#8221; gradient_direction=&#8221;left_to_right&#8221; overlay_strength=&#8221;0.3&#8243; width=&#8221;2\/3&#8243; tablet_width_inherit=&#8221;default&#8221; column_border_width=&#8221;none&#8221; column_border_style=&#8221;solid&#8221; bg_image_animation=&#8221;none&#8221;][image_with_animation image_url=&#8221;904&#8243; animation=&#8221;None&#8221; hover_animation=&#8221;zoom&#8221; alignment=&#8221;&#8221; border_radius=&#8221;none&#8221; box_shadow=&#8221;none&#8221; image_loading=&#8221;default&#8221; max_width=&#8221;100%&#8221; max_width_mobile=&#8221;default&#8221;][\/vc_column_inner][vc_column_inner column_padding=&#8221;no-extra-padding&#8221; column_padding_tablet=&#8221;inherit&#8221; column_padding_phone=&#8221;inherit&#8221; column_padding_position=&#8221;all&#8221; background_color_opacity=&#8221;1&#8243; background_hover_color_opacity=&#8221;1&#8243; column_shadow=&#8221;none&#8221; column_border_radius=&#8221;none&#8221; column_link_target=&#8221;_self&#8221; gradient_direction=&#8221;left_to_right&#8221; overlay_strength=&#8221;0.3&#8243; width=&#8221;1\/3&#8243; tablet_width_inherit=&#8221;default&#8221; column_border_width=&#8221;none&#8221; column_border_style=&#8221;solid&#8221; bg_image_animation=&#8221;none&#8221;][\/vc_column_inner][\/vc_row_inner][vc_row_inner column_margin=&#8221;default&#8221; column_direction=&#8221;default&#8221; column_direction_tablet=&#8221;default&#8221; column_direction_phone=&#8221;default&#8221; top_padding=&#8221;2%&#8221; text_align=&#8221;left&#8221;][vc_column_inner column_padding=&#8221;no-extra-padding&#8221; column_padding_tablet=&#8221;inherit&#8221; column_padding_phone=&#8221;inherit&#8221; column_padding_position=&#8221;all&#8221; background_color_opacity=&#8221;1&#8243; background_hover_color_opacity=&#8221;1&#8243; column_shadow=&#8221;none&#8221; column_border_radius=&#8221;none&#8221; column_link_target=&#8221;_self&#8221; gradient_direction=&#8221;left_to_right&#8221; overlay_strength=&#8221;0.3&#8243; width=&#8221;1\/1&#8243; tablet_width_inherit=&#8221;default&#8221; column_border_width=&#8221;none&#8221; column_border_style=&#8221;solid&#8221; bg_image_animation=&#8221;none&#8221;][vc_column_text]<span style=\"letter-spacing: -2px; font-weight: 900; text-transform: uppercase; font-family: AcuminProBlack,sans-serif; font-size: 42px; color: #ee0000;\">Charlon Bueno<\/span><br \/>\nCharlon Lu\u00eds Leite Bueno , mais conhecido como Charlon Bueno, iniciou seus estudos musicais aos 7 anos de idade com seu pai Charny Leite Bueno Sobrinho na corpora\u00e7\u00e3o musical \u201cGomes E Puccini\u201d. Aos 15 anos passou a integrar a Orquestra \u201cSul Am\u00e9rica\u201d de Jaboticabal, passando por outras BANDAS, como: \u201cArley e sua Orquestra\u201d, Banda \u201cFrenesi\u201d, Banda \u201cOdara\u201d e outras. Professor de saxofone, flauta e clarinete da Escola de Artes de Jaboticabal, desde 1995, professor de saxofone, flauta e clarinete, desde 1997, do Conservat\u00f3rio Musical Municipal \u201dM\u00e1rio Veneri\u201d da cidade de Monte Alto. Fundador e m\u00fasico do \u201cGrupo Centopeia\u201d, regente da Corpora\u00e7\u00e3o Musica L\u2019Gomes E Puccini\u201d desde 2005. Foi integrante da Big Band \u201dJaboticabeira\u201d, onde tocou com grandes m\u00fasicos do cen\u00e1rio nacional, como: Naylor (Proveta); Vin\u00edcius Dorin; Eduardo Neves; Daniel D\u2019Alc\u00e2ntara; Spok Frevo; Paulinho Malheiros; Cis\u00e3o Machado; Nelson Faria; Toninho Ferraguti. Atualmente integra o Grupo de Choro \u201dChoramingando\u201d, o Grupo \u201cBatuque Bamba\u201d, Orquestra Municipal de Monte Alto, Banda Municipal de Monte Alto, Banda \u201cGomes E Puccini\u201d, Banda Municipal \u201cJos\u00e9 Ant\u00f4nio Marin\u201d e o Grupo Instrumental \u201cSepteto Obsoleto\u201d.[\/vc_column_text][\/vc_column_inner][\/vc_row_inner][vc_row_inner column_margin=&#8221;default&#8221; column_direction=&#8221;default&#8221; column_direction_tablet=&#8221;default&#8221; column_direction_phone=&#8221;default&#8221; text_align=&#8221;left&#8221;][vc_column_inner column_padding=&#8221;no-extra-padding&#8221; column_padding_tablet=&#8221;inherit&#8221; column_padding_phone=&#8221;inherit&#8221; column_padding_position=&#8221;all&#8221; background_color_opacity=&#8221;1&#8243; background_hover_color_opacity=&#8221;1&#8243; column_shadow=&#8221;none&#8221; column_border_radius=&#8221;none&#8221; column_link_target=&#8221;_self&#8221; gradient_direction=&#8221;left_to_right&#8221; overlay_strength=&#8221;0.3&#8243; width=&#8221;1\/1&#8243; tablet_width_inherit=&#8221;default&#8221; column_border_width=&#8221;none&#8221; column_border_style=&#8221;solid&#8221; bg_image_animation=&#8221;none&#8221;][vc_column_text][\/vc_column_text][\/vc_column_inner][\/vc_row_inner][vc_row_inner column_margin=&#8221;default&#8221; column_direction=&#8221;default&#8221; column_direction_tablet=&#8221;default&#8221; column_direction_phone=&#8221;default&#8221; top_padding=&#8221;6%&#8221; bottom_padding=&#8221;2%&#8221; text_align=&#8221;left&#8221;][vc_column_inner column_padding=&#8221;no-extra-padding&#8221; column_padding_tablet=&#8221;inherit&#8221; column_padding_phone=&#8221;inherit&#8221; column_padding_position=&#8221;all&#8221; background_color=&#8221;#ffffff&#8221; background_color_opacity=&#8221;1&#8243; background_hover_color_opacity=&#8221;1&#8243; column_shadow=&#8221;none&#8221; column_border_radius=&#8221;none&#8221; column_link_target=&#8221;_self&#8221; gradient_direction=&#8221;left_to_right&#8221; overlay_strength=&#8221;0.3&#8243; width=&#8221;1\/1&#8243; tablet_width_inherit=&#8221;default&#8221; column_border_width=&#8221;none&#8221; column_border_style=&#8221;solid&#8221; bg_image_animation=&#8221;none&#8221;][vc_column_text]<img loading=\"lazy\" decoding=\"async\" class=\"alignleft size-full wp-image-381\" src=\"https:\/\/ajcultura.com.br\/bienal\/wp-content\/uploads\/2021\/03\/regua-bienal-2021-jaboticabal.png\" alt=\"\" width=\"1920\" height=\"126\" srcset=\"https:\/\/ajcultura.com.br\/bienal\/wp-content\/uploads\/2021\/03\/regua-bienal-2021-jaboticabal.png 1920w, https:\/\/ajcultura.com.br\/bienal\/wp-content\/uploads\/2021\/03\/regua-bienal-2021-jaboticabal-300x20.png 300w, https:\/\/ajcultura.com.br\/bienal\/wp-content\/uploads\/2021\/03\/regua-bienal-2021-jaboticabal-1024x67.png 1024w, https:\/\/ajcultura.com.br\/bienal\/wp-content\/uploads\/2021\/03\/regua-bienal-2021-jaboticabal-768x50.png 768w, https:\/\/ajcultura.com.br\/bienal\/wp-content\/uploads\/2021\/03\/regua-bienal-2021-jaboticabal-1536x101.png 1536w\" sizes=\"auto, (max-width: 1920px) 100vw, 1920px\" \/>[\/vc_column_text][\/vc_column_inner][\/vc_row_inner][\/vc_column][\/vc_row]\n","protected":false},"excerpt":{"rendered":"<p>[vc_row type=&#8221;full_width_background&#8221; full_screen_row_position=&#8221;middle&#8221; column_margin=&#8221;default&#8221; column_direction=&#8221;default&#8221; column_direction_tablet=&#8221;default&#8221; column_direction_phone=&#8221;default&#8221; bg_image=&#8221;123&#8243; bg_position=&#8221;left top&#8221; bg_repeat=&#8221;repeat&#8221; scene_position=&#8221;center&#8221; top_padding=&#8221;2%&#8221; text_color=&#8221;dark&#8221; text_align=&#8221;left&#8221; row_border_radius=&#8221;none&#8221; row_border_radius_applies=&#8221;bg&#8221; overlay_strength=&#8221;0.3&#8243; gradient_direction=&#8221;left_b_to_right_t&#8221; shape_divider_position=&#8221;bottom&#8221; bg_image_animation=&#8221;none&#8221; shape_type=&#8221;&#8221;][vc_column column_padding=&#8221;no-extra-padding&#8221; column_padding_tablet=&#8221;inherit&#8221; column_padding_phone=&#8221;inherit&#8221; column_padding_position=&#8221;all&#8221; background_color_opacity=&#8221;1&#8243; background_hover_color_opacity=&#8221;1&#8243; column_shadow=&#8221;none&#8221; column_border_radius=&#8221;none&#8221;&#8230;<\/p>\n","protected":false},"author":1,"featured_media":904,"parent":115,"menu_order":0,"comment_status":"closed","ping_status":"closed","template":"","meta":{"footnotes":""},"class_list":["post-903","page","type-page","status-publish","has-post-thumbnail"],"_links":{"self":[{"href":"https:\/\/ajcultura.com.br\/bienal\/wp-json\/wp\/v2\/pages\/903","targetHints":{"allow":["GET"]}}],"collection":[{"href":"https:\/\/ajcultura.com.br\/bienal\/wp-json\/wp\/v2\/pages"}],"about":[{"href":"https:\/\/ajcultura.com.br\/bienal\/wp-json\/wp\/v2\/types\/page"}],"author":[{"embeddable":true,"href":"https:\/\/ajcultura.com.br\/bienal\/wp-json\/wp\/v2\/users\/1"}],"replies":[{"embeddable":true,"href":"https:\/\/ajcultura.com.br\/bienal\/wp-json\/wp\/v2\/comments?post=903"}],"version-history":[{"count":2,"href":"https:\/\/ajcultura.com.br\/bienal\/wp-json\/wp\/v2\/pages\/903\/revisions"}],"predecessor-version":[{"id":906,"href":"https:\/\/ajcultura.com.br\/bienal\/wp-json\/wp\/v2\/pages\/903\/revisions\/906"}],"up":[{"embeddable":true,"href":"https:\/\/ajcultura.com.br\/bienal\/wp-json\/wp\/v2\/pages\/115"}],"wp:featuredmedia":[{"embeddable":true,"href":"https:\/\/ajcultura.com.br\/bienal\/wp-json\/wp\/v2\/media\/904"}],"wp:attachment":[{"href":"https:\/\/ajcultura.com.br\/bienal\/wp-json\/wp\/v2\/media?parent=903"}],"curies":[{"name":"wp","href":"https:\/\/api.w.org\/{rel}","templated":true}]}}