{"id":410,"date":"2021-03-18T16:16:12","date_gmt":"2021-03-18T19:16:12","guid":{"rendered":"https:\/\/ajcultura.com.br\/bienal\/?page_id=410"},"modified":"2021-03-19T16:45:11","modified_gmt":"2021-03-19T19:45:11","slug":"ficha-tecnica","status":"publish","type":"page","link":"https:\/\/ajcultura.com.br\/bienal\/ficha-tecnica\/","title":{"rendered":"Ficha T\u00e9cnica"},"content":{"rendered":"[vc_row type=&#8221;full_width_background&#8221; full_screen_row_position=&#8221;middle&#8221; column_margin=&#8221;default&#8221; column_direction=&#8221;default&#8221; column_direction_tablet=&#8221;default&#8221; column_direction_phone=&#8221;default&#8221; bg_image=&#8221;123&#8243; bg_position=&#8221;left top&#8221; bg_repeat=&#8221;repeat&#8221; scene_position=&#8221;center&#8221; top_padding=&#8221;2%&#8221; text_color=&#8221;dark&#8221; text_align=&#8221;left&#8221; row_border_radius=&#8221;none&#8221; row_border_radius_applies=&#8221;bg&#8221; overlay_strength=&#8221;0.3&#8243; gradient_direction=&#8221;left_b_to_right_t&#8221; shape_divider_position=&#8221;bottom&#8221; bg_image_animation=&#8221;none&#8221; shape_type=&#8221;&#8221;][vc_column column_padding=&#8221;no-extra-padding&#8221; column_padding_tablet=&#8221;inherit&#8221; column_padding_phone=&#8221;inherit&#8221; column_padding_position=&#8221;all&#8221; background_color_opacity=&#8221;1&#8243; background_hover_color_opacity=&#8221;1&#8243; column_shadow=&#8221;none&#8221; column_border_radius=&#8221;none&#8221; column_link_target=&#8221;_self&#8221; gradient_direction=&#8221;left_to_right&#8221; overlay_strength=&#8221;0.3&#8243; width=&#8221;1\/1&#8243; tablet_width_inherit=&#8221;default&#8221; tablet_text_alignment=&#8221;default&#8221; phone_text_alignment=&#8221;default&#8221; column_border_width=&#8221;none&#8221; column_border_style=&#8221;solid&#8221; bg_image_animation=&#8221;none&#8221;][divider line_type=&#8221;No Line&#8221; custom_height=&#8221;140px&#8221;][nectar_horizontal_list_item columns=&#8221;3&#8243; column_layout_using_3_columns=&#8221;even&#8221; col_1_text_align=&#8221;left&#8221; col_2_text_align=&#8221;left&#8221; col_3_text_align=&#8221;left&#8221; col_1_text_element=&#8221;p&#8221; col_2_text_element=&#8221;p&#8221; col_3_text_element=&#8221;p&#8221; font_family=&#8221;h6&#8243; hover_effect=&#8221;default&#8221; hover_color=&#8221;extra-color-2&#8243; icon_family=&#8221;none&#8221; icon_size=&#8221;regular&#8221; col_1_content=&#8221;I Bienal Virtual de Artes e Cultura&#8221; col_2_content=&#8221;18 de mar\u00e7o a 30 de abril de 2021&#8243; col_3_content=&#8221;Jaboticabal,SP&#8221;][divider line_type=&#8221;No Line&#8221; custom_height=&#8221;50px&#8221;][vc_row_inner column_margin=&#8221;default&#8221; column_direction=&#8221;default&#8221; column_direction_tablet=&#8221;default&#8221; column_direction_phone=&#8221;default&#8221; top_padding=&#8221;2%&#8221; text_align=&#8221;left&#8221;][vc_column_inner column_padding=&#8221;no-extra-padding&#8221; column_padding_tablet=&#8221;inherit&#8221; column_padding_phone=&#8221;inherit&#8221; column_padding_position=&#8221;all&#8221; background_color_opacity=&#8221;1&#8243; background_hover_color_opacity=&#8221;1&#8243; column_shadow=&#8221;none&#8221; column_border_radius=&#8221;none&#8221; column_link_target=&#8221;_self&#8221; gradient_direction=&#8221;left_to_right&#8221; overlay_strength=&#8221;0.3&#8243; width=&#8221;1\/1&#8243; tablet_width_inherit=&#8221;default&#8221; column_border_width=&#8221;none&#8221; column_border_style=&#8221;solid&#8221; bg_image_animation=&#8221;none&#8221;][vc_column_text]<span style=\"letter-spacing: -6px; font-weight: 900; text-transform: uppercase; font-family: AcuminProBlack,sans-serif; font-size: 58px; color: #00548d;\">Ficha T\u00e9cnica<\/span><\/p>\n<p>I Bienal Virtual de Arte e Cultura de Jaboticabal[\/vc_column_text][\/vc_column_inner][\/vc_row_inner][vc_row_inner column_margin=&#8221;default&#8221; column_direction=&#8221;default&#8221; column_direction_tablet=&#8221;default&#8221; column_direction_phone=&#8221;default&#8221; top_padding=&#8221;2%&#8221; bottom_padding=&#8221;2%&#8221; text_align=&#8221;left&#8221;][vc_column_inner column_padding=&#8221;no-extra-padding&#8221; column_padding_tablet=&#8221;inherit&#8221; column_padding_phone=&#8221;inherit&#8221; column_padding_position=&#8221;all&#8221; background_color_opacity=&#8221;1&#8243; background_hover_color_opacity=&#8221;1&#8243; column_shadow=&#8221;none&#8221; column_border_radius=&#8221;none&#8221; column_link_target=&#8221;_self&#8221; gradient_direction=&#8221;left_to_right&#8221; overlay_strength=&#8221;0.3&#8243; width=&#8221;1\/1&#8243; tablet_width_inherit=&#8221;default&#8221; column_border_width=&#8221;none&#8221; column_border_style=&#8221;solid&#8221; bg_image_animation=&#8221;none&#8221;][vc_column_text css=&#8221;.vc_custom_1616182926587{padding-right: 10% !important;}&#8221;]\n<h3><span style=\"color: #ee0000;\">Proponente:<\/span><\/h3>\n<ul>\n<li>Associa\u00e7\u00e3o Jaboticabalense de Cultura (AJC)<\/li>\n<\/ul>\n<h3><span style=\"color: #ee0000;\">Presidente:<\/span><\/h3>\n<ul>\n<li>Angela de St\u00e9fani Ruggiero<\/li>\n<\/ul>\n<h3><span style=\"color: #ee0000;\">Fotografia:<\/span><\/h3>\n<ul>\n<li>Bruno Kawagoe<\/li>\n<\/ul>\n<h3><span style=\"color: #ee0000;\">Produ\u00e7\u00e3o audiovisual:<\/span><\/h3>\n<ul>\n<li>Jimmy Nalles<\/li>\n<\/ul>\n<h3><span style=\"color: #ee0000;\">T\u00e9cnico de \u00e1udio e som: <\/span><\/h3>\n<ul>\n<li>Fabr\u00edcio Brandimarte<\/li>\n<\/ul>\n[\/vc_column_text][vc_column_text]\n<h3><span style=\"color: #ee0000;\">Curadoria de Artes C\u00eanicas e Produ\u00e7\u00e3o Executiva:<\/span><\/h3>\n<p><strong>Alessandra Constantino<\/strong><\/p>\n<p style=\"text-align: justify;\">Fez bacharelado Interdisciplinar em Artes pela UFBA e cursa p\u00f3s-gradua\u00e7\u00e3o em Gest\u00e3o Cultural. Integrante da diretoria da AJC-Associa\u00e7\u00e3o Jaboticabalense de Cultura e titular da cadeira de Teatro do Conselho Municipal de Pol\u00edtica Cultural de Jaboticabal. Atua\u00e7\u00e3o: Amor e Alma \/ Os Ovos de Iya \/ O Casamento Suspeitoso \/ \u00c9 o Bicho \/ Bai Bai Pel\u00f4. Cursos: Curso Livre de Teatro da UFBA \/ Curso de Dramaturgia com Ricardo Santana \/ Curso de Dan\u00e7a no Teatro-Teatro na Dan\u00e7a \u2013 COMICs Companhia de Investiga\u00e7\u00f5es C\u00eanicas. Oficinas: Performance Negra do Bando de Teatro Olodum (BA) \/ A \u2018A\u00e7\u00e3o F\u00edsica\u2019 Como Suporte Para a Narrativa C\u00eanica &#8211; Coletivo de Teatro Alfenim (PB) \/ O Trabalho do Ator em Beckett: Explorando Possibilidades com Luiz Marfuz \u2013 Teatro Vila Velha (BA) \/ Entre o Sil\u00eancio e a Palavra \u2013 Grupo Instituto Hilda Hilst (SP) \/ A Palavra em Cena com Roberto Audio \u2013 Teatro da Vertigem (SP) \/ O Corpo em Cena com S\u00e9rgio Siviero \u2013 Teatro da Vertigem (SP) \/ A Atua\u00e7\u00e3o Polif\u00f4nica do Ator \u2013 Ernani Maletta (BH) \/ A Biodin\u00e2mica de Meyerhold \u2013 Maria Thais Santos Lima (SP) \/ Comicidade em Cena \u2013 Cria\u00e7\u00e3o de Material C\u00f4mico Para Atores e Diretores \u2013 Circo Teatro Udi Grudi (DF) \/ Entendendo Vianinha e o Processo de Cria\u00e7\u00e3o de M\u00e3o na Luva \u2013 Grupo TAPA (SP).<\/p>\n<h3><span style=\"color: #ee0000;\">Curadoria de Artes Pl\u00e1sticas e Visuais<\/span><\/h3>\n<p><strong>Andr\u00e9 Felipe Maria<\/strong><\/p>\n<p style=\"text-align: justify;\">\u00c9 bacharel em Comunica\u00e7\u00e3o Social pelo Centro Universit\u00e1rio Moura Lacerda e p\u00f3s-graduando em Educa\u00e7\u00e3o, Cultura e Rela\u00e7\u00f5es \u00c9tnico-raciais pelo CELACC &#8211; ECA &#8211; USP. \u00c9 colecionar de arte em Jaboticabal e conta com 34 obras de artistas n\u00e3o s\u00f3 de Jaboticabal como de todo o Brasil. \u00c9 autor do livro Cosmopolita e \u00e9 pesquisador sobre a tem\u00e1tica afro-brasileira e afro-religiosa, atuando como Conselheiro no Conselho Municipal de Pol\u00edtica Cultural de Jaboticabal, como suplente da cadeira de Cultura Afro-brasileira, etnia ind\u00edgena e outras etnias.<\/p>\n<h3><span style=\"color: #ee0000;\">Curadoria de M\u00fasica<\/span><\/h3>\n<p><strong>Andr\u00e9 Assis<\/strong><\/p>\n<p style=\"text-align: justify;\">Natural de Jaboticabal, \u00e9 graduado em Educa\u00e7\u00e3o Musical pela UFSCar. Pianista, regente coral e educador musical. Integrou diversos projetos e grupos musicais da cidade e regi\u00e3o, sendo os mais expressivos: Big Band Jabuticabeira, sob reg\u00eancia de Paulo Braga; e \u00d3pera Die Fledermaus, sob reg\u00eancia de Roberto Minczuk. Participou do &#8220;Alta Pusteria International Choir Festival&#8221;, e &#8220;Festival Fiato Al Brasile&#8221;, ambos na It\u00e1lia, como integrante do \u201cJabotiCoro\u201d, Projeto de Extens\u00e3o Universit\u00e1ria da Universidade Estadual Paulista &#8220;J\u00falio de Mesquita Filho&#8221; FCAV\/UNESP, campus de Jaboticabal. Idealizador do projeto &#8220;A Jabuticabeira&#8221;, 1\u00aa edi\u00e7\u00e3o em 2016. No ano de 2017, em parceria com a AJC, foi roteirista, diretor geral e musical do espeta\u0301culo biogra\u0301fico \u201cNada ser\u00e1 como antes\u201d sobre a vida, a mu\u0301sica e a teatralidade de Elis Regina. Em 2018, co-produziu, ao lado do \u201ccantautor\u201d Kauan Puga, e dirigiu musicalmente o \u201cTributo ao Belchior\u201d, em parceria com a AJC. Em 2019, foi diretor musical do projeto \u201cAnnie &#8211; O Musical CSA\u201d, idealizado pelo artista c\u00eanico Kauan Puga. Atua como regente do \u201cVET Vozes\u201d, coro e banda de colaboradores da UCB VET desde 2017. Regente-educador do Projeto Guri, Polo Jaboticabal, desde 2010.<\/p>\n<h3><span style=\"color: #ee0000;\">Curadoria de Identidade Cultural na \u00c1rea de Artes Pl\u00e1sticas e Visuais<\/span><\/h3>\n<p><strong>Eduardo Torati Silva<\/strong><\/p>\n<p style=\"text-align: justify;\">Licenciado e bacharel em Hist\u00f3ria pela UNESP &#8211; Franca (SP). Graduado em Biblioteconomia e Ci\u00eancias da Informa\u00e7\u00e3o e da Documenta\u00e7\u00e3o pela USP &#8211; Ribeir\u00e3o Preto (SP), em 2016. Atuou na Associa\u00e7\u00e3o Cultural Paulo Duarte, de 2006 a 2008. \u00c9 agente cultural desde 2016, atuando no fomento \u00e0 cultura e na elabora\u00e7\u00e3o e desenvolvimento de projetos relacionados \u00e0 Hist\u00f3ria, Mem\u00f3ria e Patrim\u00f4nio Cultural em Jaboticabal (SP). Participou do Projeto de Moderniza\u00e7\u00e3o Expogr\u00e1fica do Museu Zequinha de Abreu, em 2019, premiado pelo ProAC xx\/2018, Preserva\u00e7\u00e3o de Acervos Museol\u00f3gicos. Foi membro do Conselho de Defesa do Patrim\u00f4nio Cultural de Jaboticabal (2017-2019) e Representante Regional de Ribeir\u00e3o Preto no SISEM-SP (2018-2020) e \u00e9 membro do Conselho Municipal de Pol\u00edtica Cultural (2018-2020) e membro da Coordenadoria de Patrim\u00f4nio Cultural de Jaboticabal. \u00c9 membro e cofundador do Instituto Museart.<\/p>\n<h3><span style=\"color: #ee0000;\">Curadoria de Identidade Cultural na \u00e1rea da M\u00fasica e Produtora Executiva<\/span><\/h3>\n<p><strong>Thais Creolezio<\/strong><\/p>\n<p style=\"text-align: justify;\">Licenciada e bacharel em Hist\u00f3ria pela UNESP &#8211; Franca (SP) . Muse\u00f3loga e Mestra pelo Programa de P\u00f3s-Gradua\u00e7\u00e3o Interunidades em Museologia da USP-SP. Trabalha na Prefeitura de Jaboticabal desde 2013 como agente cultural e partir de janeiro de 2021 atua como Diretora de Cultura no Munic\u00edpio. Tem experi\u00eancia na elabora\u00e7\u00e3o e gest\u00e3o de projetos voltados para as \u00e1reas de Museus, Cultura, Mem\u00f3ria e Patrim\u00f4nio Cultural. Tem cursos na \u00e1rea de conserva\u00e7\u00e3o preventiva, diagn\u00f3stico e documenta\u00e7\u00e3o museol\u00f3gica, educa\u00e7\u00e3o em museus, invent\u00e1rios participativos e gest\u00e3o cultural. Elaborou e executou o Projeto \u201cO Futuro do Passado\u201d, de Preserva\u00e7\u00e3o de Acervos Museol\u00f3gicos, premiado pelo ProAC 19\/2015. Foi curadora da Exposi\u00e7\u00e3o Ser Na\u00eff, que percorreu 8 cidades da regi\u00e3o de Ribeir\u00e3o Preto e Franca (2019), membro do Conselho de Defesa do Patrim\u00f4nio Cultural de Jaboticabal (2014-2016 e 2017-2019), membro do Conselho de Cultura (2014-2016) e representante regional de Ribeir\u00e3o Preto no Sistema Estadual de Museus de S\u00e3o Paulo &#8211; SISEM-SP (2016-2018 e 2020-2022). \u00c9 membro do Conselho Municipal de Turismo, membro do Conselho Internacional de Monumentos e S\u00edtios &#8211; ICOMOS (Brasil), membro do Comit\u00ea Nacional de Patrim\u00f4nio Imaterial do ICOMOS &#8211; Brasil e Coordenadora de Patrim\u00f4nio Cultural de Jaboticabal. Idealizadora, membro e cofundadora do Instituto Museart e integrante da Associa\u00e7\u00e3o Jaboticabalense de Cultura &#8211; AJC, atuando como 1a secret\u00e1ria.<\/p>\n[\/vc_column_text][\/vc_column_inner][\/vc_row_inner][vc_row_inner column_margin=&#8221;default&#8221; column_direction=&#8221;default&#8221; column_direction_tablet=&#8221;default&#8221; column_direction_phone=&#8221;default&#8221; top_padding=&#8221;6%&#8221; bottom_padding=&#8221;2%&#8221; text_align=&#8221;left&#8221;][vc_column_inner column_padding=&#8221;no-extra-padding&#8221; column_padding_tablet=&#8221;inherit&#8221; column_padding_phone=&#8221;inherit&#8221; column_padding_position=&#8221;all&#8221; background_color=&#8221;#ffffff&#8221; background_color_opacity=&#8221;1&#8243; background_hover_color_opacity=&#8221;1&#8243; column_shadow=&#8221;none&#8221; column_border_radius=&#8221;none&#8221; column_link_target=&#8221;_self&#8221; gradient_direction=&#8221;left_to_right&#8221; overlay_strength=&#8221;0.3&#8243; width=&#8221;1\/1&#8243; tablet_width_inherit=&#8221;default&#8221; column_border_width=&#8221;none&#8221; column_border_style=&#8221;solid&#8221; bg_image_animation=&#8221;none&#8221;][vc_column_text]<img loading=\"lazy\" decoding=\"async\" class=\"alignleft size-full wp-image-381\" src=\"https:\/\/ajcultura.com.br\/bienal\/wp-content\/uploads\/2021\/03\/regua-bienal-2021-jaboticabal.png\" alt=\"\" width=\"1920\" height=\"126\" srcset=\"https:\/\/ajcultura.com.br\/bienal\/wp-content\/uploads\/2021\/03\/regua-bienal-2021-jaboticabal.png 1920w, https:\/\/ajcultura.com.br\/bienal\/wp-content\/uploads\/2021\/03\/regua-bienal-2021-jaboticabal-300x20.png 300w, https:\/\/ajcultura.com.br\/bienal\/wp-content\/uploads\/2021\/03\/regua-bienal-2021-jaboticabal-1024x67.png 1024w, https:\/\/ajcultura.com.br\/bienal\/wp-content\/uploads\/2021\/03\/regua-bienal-2021-jaboticabal-768x50.png 768w, https:\/\/ajcultura.com.br\/bienal\/wp-content\/uploads\/2021\/03\/regua-bienal-2021-jaboticabal-1536x101.png 1536w\" sizes=\"auto, (max-width: 1920px) 100vw, 1920px\" \/>[\/vc_column_text][\/vc_column_inner][\/vc_row_inner][\/vc_column][\/vc_row]\n","protected":false},"excerpt":{"rendered":"<p>[vc_row type=&#8221;full_width_background&#8221; full_screen_row_position=&#8221;middle&#8221; column_margin=&#8221;default&#8221; column_direction=&#8221;default&#8221; column_direction_tablet=&#8221;default&#8221; column_direction_phone=&#8221;default&#8221; bg_image=&#8221;123&#8243; bg_position=&#8221;left top&#8221; bg_repeat=&#8221;repeat&#8221; scene_position=&#8221;center&#8221; top_padding=&#8221;2%&#8221; text_color=&#8221;dark&#8221; text_align=&#8221;left&#8221; row_border_radius=&#8221;none&#8221; row_border_radius_applies=&#8221;bg&#8221; overlay_strength=&#8221;0.3&#8243; gradient_direction=&#8221;left_b_to_right_t&#8221; shape_divider_position=&#8221;bottom&#8221; bg_image_animation=&#8221;none&#8221; shape_type=&#8221;&#8221;][vc_column column_padding=&#8221;no-extra-padding&#8221; column_padding_tablet=&#8221;inherit&#8221; column_padding_phone=&#8221;inherit&#8221; column_padding_position=&#8221;all&#8221; background_color_opacity=&#8221;1&#8243; background_hover_color_opacity=&#8221;1&#8243; column_shadow=&#8221;none&#8221; column_border_radius=&#8221;none&#8221;&#8230;<\/p>\n","protected":false},"author":1,"featured_media":0,"parent":0,"menu_order":0,"comment_status":"closed","ping_status":"closed","template":"","meta":{"footnotes":""},"class_list":["post-410","page","type-page","status-publish"],"_links":{"self":[{"href":"https:\/\/ajcultura.com.br\/bienal\/wp-json\/wp\/v2\/pages\/410","targetHints":{"allow":["GET"]}}],"collection":[{"href":"https:\/\/ajcultura.com.br\/bienal\/wp-json\/wp\/v2\/pages"}],"about":[{"href":"https:\/\/ajcultura.com.br\/bienal\/wp-json\/wp\/v2\/types\/page"}],"author":[{"embeddable":true,"href":"https:\/\/ajcultura.com.br\/bienal\/wp-json\/wp\/v2\/users\/1"}],"replies":[{"embeddable":true,"href":"https:\/\/ajcultura.com.br\/bienal\/wp-json\/wp\/v2\/comments?post=410"}],"version-history":[{"count":8,"href":"https:\/\/ajcultura.com.br\/bienal\/wp-json\/wp\/v2\/pages\/410\/revisions"}],"predecessor-version":[{"id":537,"href":"https:\/\/ajcultura.com.br\/bienal\/wp-json\/wp\/v2\/pages\/410\/revisions\/537"}],"wp:attachment":[{"href":"https:\/\/ajcultura.com.br\/bienal\/wp-json\/wp\/v2\/media?parent=410"}],"curies":[{"name":"wp","href":"https:\/\/api.w.org\/{rel}","templated":true}]}}