{"id":237,"date":"2021-03-15T15:29:56","date_gmt":"2021-03-15T18:29:56","guid":{"rendered":"http:\/\/ajcultura.com.br\/bienal\/?page_id=237"},"modified":"2021-05-03T09:33:51","modified_gmt":"2021-05-03T12:33:51","slug":"curadoria","status":"publish","type":"page","link":"https:\/\/ajcultura.com.br\/bienal\/curadoria\/","title":{"rendered":"Curadorias"},"content":{"rendered":"[vc_row type=&#8221;full_width_background&#8221; full_screen_row_position=&#8221;middle&#8221; column_margin=&#8221;default&#8221; column_direction=&#8221;default&#8221; column_direction_tablet=&#8221;default&#8221; column_direction_phone=&#8221;default&#8221; bg_image=&#8221;123&#8243; bg_position=&#8221;left top&#8221; bg_repeat=&#8221;repeat&#8221; scene_position=&#8221;center&#8221; top_padding=&#8221;2%&#8221; text_color=&#8221;dark&#8221; text_align=&#8221;left&#8221; row_border_radius=&#8221;none&#8221; row_border_radius_applies=&#8221;bg&#8221; overlay_strength=&#8221;0.3&#8243; gradient_direction=&#8221;left_b_to_right_t&#8221; shape_divider_position=&#8221;bottom&#8221; bg_image_animation=&#8221;none&#8221; shape_type=&#8221;&#8221;][vc_column column_padding=&#8221;no-extra-padding&#8221; column_padding_tablet=&#8221;inherit&#8221; column_padding_phone=&#8221;inherit&#8221; column_padding_position=&#8221;all&#8221; background_color_opacity=&#8221;1&#8243; background_hover_color_opacity=&#8221;1&#8243; column_shadow=&#8221;none&#8221; column_border_radius=&#8221;none&#8221; column_link_target=&#8221;_self&#8221; gradient_direction=&#8221;left_to_right&#8221; overlay_strength=&#8221;0.3&#8243; width=&#8221;1\/1&#8243; tablet_width_inherit=&#8221;default&#8221; tablet_text_alignment=&#8221;default&#8221; phone_text_alignment=&#8221;default&#8221; column_border_width=&#8221;none&#8221; column_border_style=&#8221;solid&#8221; bg_image_animation=&#8221;none&#8221;][divider line_type=&#8221;No Line&#8221; custom_height=&#8221;140px&#8221;][nectar_horizontal_list_item columns=&#8221;3&#8243; column_layout_using_3_columns=&#8221;even&#8221; col_1_text_align=&#8221;left&#8221; col_2_text_align=&#8221;left&#8221; col_3_text_align=&#8221;left&#8221; col_1_text_element=&#8221;p&#8221; col_2_text_element=&#8221;p&#8221; col_3_text_element=&#8221;p&#8221; font_family=&#8221;h6&#8243; hover_effect=&#8221;default&#8221; hover_color=&#8221;extra-color-2&#8243; icon_family=&#8221;none&#8221; icon_size=&#8221;regular&#8221; col_1_content=&#8221;I Bienal Virtual de Artes e Cultura&#8221; col_2_content=&#8221;18 de mar\u00e7o a 16 de maio de 2021&#8243; col_3_content=&#8221;Jaboticabal,SP&#8221;][divider line_type=&#8221;No Line&#8221; custom_height=&#8221;50px&#8221;][vc_row_inner column_margin=&#8221;default&#8221; column_direction=&#8221;default&#8221; column_direction_tablet=&#8221;default&#8221; column_direction_phone=&#8221;default&#8221; top_padding=&#8221;2%&#8221; text_align=&#8221;left&#8221;][vc_column_inner column_padding=&#8221;no-extra-padding&#8221; column_padding_tablet=&#8221;inherit&#8221; column_padding_phone=&#8221;inherit&#8221; column_padding_position=&#8221;all&#8221; background_color_opacity=&#8221;1&#8243; background_hover_color_opacity=&#8221;1&#8243; column_shadow=&#8221;none&#8221; column_border_radius=&#8221;none&#8221; column_link_target=&#8221;_self&#8221; gradient_direction=&#8221;left_to_right&#8221; overlay_strength=&#8221;0.3&#8243; width=&#8221;1\/1&#8243; tablet_width_inherit=&#8221;default&#8221; column_border_width=&#8221;none&#8221; column_border_style=&#8221;solid&#8221; bg_image_animation=&#8221;none&#8221;][vc_column_text]<span style=\"letter-spacing: -6px; font-weight: 900; text-transform: uppercase; font-family: AcuminProBlack,sans-serif; font-size: 58px; color: #00548d;\">CuradoriaS<\/span><\/p>\n<p>I Bienal Virtual de Arte e Cultura de Jaboticabal[\/vc_column_text][\/vc_column_inner][\/vc_row_inner][vc_row_inner column_margin=&#8221;default&#8221; column_direction=&#8221;default&#8221; column_direction_tablet=&#8221;default&#8221; column_direction_phone=&#8221;default&#8221; top_padding=&#8221;2%&#8221; bottom_padding=&#8221;2%&#8221; text_align=&#8221;left&#8221;][vc_column_inner column_padding=&#8221;no-extra-padding&#8221; column_padding_tablet=&#8221;inherit&#8221; column_padding_phone=&#8221;inherit&#8221; column_padding_position=&#8221;all&#8221; background_color_opacity=&#8221;1&#8243; background_hover_color_opacity=&#8221;1&#8243; column_shadow=&#8221;none&#8221; column_border_radius=&#8221;none&#8221; column_link_target=&#8221;_self&#8221; gradient_direction=&#8221;left_to_right&#8221; overlay_strength=&#8221;0.3&#8243; width=&#8221;1\/1&#8243; tablet_width_inherit=&#8221;default&#8221; column_border_width=&#8221;none&#8221; column_border_style=&#8221;solid&#8221; bg_image_animation=&#8221;none&#8221;][vc_column_text css=&#8221;.vc_custom_1617132954714{padding-right: 10% !important;}&#8221;]Com apoio da Associa\u00e7\u00e3o Jaboticabalense de Cultura &#8211; AJC, o time de cinco curadores da I Bienal Virtual de Arte e Cultura de Jaboticabal p\u00f4de pleitear parte da verba disponibilizada pelos recursos do Proac Lei Aldir Blanc, trazendo a quantia de duzentos mil reais para a cidade de Jaboticabal e beneficiando parte significativa de sua classe art\u00edstica.<\/p>\n<p>Em um per\u00edodo cr\u00edtico do ponto de vista econ\u00f4mico, pol\u00edtico e psicol\u00f3gico, Jaboticabal teve a satisfa\u00e7\u00e3o e o privil\u00e9gio de ser uma das tr\u00eas cidades a receber parte da verba do Proac LAB e ter um projeto contemplado que, al\u00e9m de entreter e proporcionar cultura \u00e0 popula\u00e7\u00e3o, \u00e9 tamb\u00e9m fonte de renda e incentivo para mais de 140 artistas.<\/p>\n<p>Cada curador p\u00f4de perceber as lutas de cada um dos artistas envolvidos no projeto e acompanhar de perto seus processos internos. No curso do desenvolvimento do projeto da I Bienal Virtual de Arte e Cultura de Jaboticabal, foi poss\u00edvel perceber uma evolu\u00e7\u00e3o significativa no quadro psicol\u00f3gico de muitos artistas que haviam sido gravemente afetados pelos efeitos econ\u00f4micos e psicossociais da pandemia de COVID-19.<\/p>\n<p>De forma gradual e paulatina, problemas psicol\u00f3gicos, econ\u00f4micos e at\u00e9 mesmo relacionados \u00e0 sa\u00fade puderam ser aplacados atrav\u00e9s da intera\u00e7\u00e3o entre os artistas e a Bienal, que lhes proporcionou diversas potencialidades e avivou seu \u00e2nimo por produzir arte. H\u00e1 relatos de artistas que h\u00e1 vinte anos n\u00e3o participavam de um evento cultural remunerado e sentiram-se enormemente felizes e valorizados ao serem convidados para a I Bienal Virtual de Arte e Cultura de Jaboticabal.<\/p>\n<p>Embora seja um dos maiores eventos culturais da hist\u00f3ria de Jaboticabal e regi\u00e3o, a Bienal n\u00e3o p\u00f4de prestigiar a totalidade da cena cultural do mun\u00edcipio, felizmente rico do ponto de vista cultural e art\u00edstico, com centenas de artistas dos mais variados g\u00eaneros. Entretanto, dentro daquilo que p\u00f4de abra\u00e7ar, o projeto buscou movimentar parte significativa da cena cultural local e injetou recursos financeiros na economia do munic\u00edpio, provando que a cultura e a arte, al\u00e9m de admir\u00e1veis, s\u00e3o fonte de recursos financeiros e geram riqueza.<\/p>\n<p>Por fim, cabe homenagear o patrono da lei que tornou tudo isso poss\u00edvel, lei essa aprovada ap\u00f3s exaustiva luta da classe art\u00edstica e parte da classe pol\u00edtica que compreende o significado da arte e da cultura para a edifica\u00e7\u00e3o de um pa\u00eds. Aldir Blanc, o grande poeta de nossa anistia, \u00e9 quem batiza esta lei t\u00e3o importante, que trouxe um respiro para o setor cultural, que agonizava e minguava. Manifestamos nosso respeito e gratid\u00e3o por este grande homem, poeta, m\u00fasico, compositor, artista, cidad\u00e3o e brasileiro, que nos inspirou com algumas das mais belas can\u00e7\u00f5es de nosso rico repert\u00f3rio musical. Nossa rever\u00eancia e defer\u00eancia a Aldir Blanc, patrono do hino de nossa anistia e patrono da lei que tornou a I Bienal Virtual de Arte e Cultura de Jaboticabal poss\u00edvel.<\/p>\n<p>Com a participa\u00e7\u00e3o de 141 artistas, a Associa\u00e7\u00e3o Jaboticabalense de Cultura \u2013 AJC, lan\u00e7a a I Bienal Virtual de Arte e Cultura de Jaboticabal, no dia 18 de mar\u00e7o, reunindo a produ\u00e7\u00e3o de dez artistas de Artes Pl\u00e1sticas e Visuais, 107 m\u00fasicos, 11 representantes das artes c\u00eanicas, al\u00e9m de palestrantes e profissionais de cultura convidados.<\/p>\n<h3 style=\"font-family: 'Montserrat'; color: #ee0000;\"><span style=\"color: #ee0000;\">A sele\u00e7\u00e3o de obras e a programa\u00e7\u00e3o ficaram a cargo dos nossos curadores:<\/span><\/h3>\n<p><img loading=\"lazy\" decoding=\"async\" class=\"alignleft size-full wp-image-203\" src=\"http:\/\/ajcultura.com.br\/bienal\/wp-content\/uploads\/2021\/03\/abienal-01.jpg\" alt=\"\" width=\"800\" height=\"800\" srcset=\"https:\/\/ajcultura.com.br\/bienal\/wp-content\/uploads\/2021\/03\/abienal-01.jpg 800w, https:\/\/ajcultura.com.br\/bienal\/wp-content\/uploads\/2021\/03\/abienal-01-300x300.jpg 300w, https:\/\/ajcultura.com.br\/bienal\/wp-content\/uploads\/2021\/03\/abienal-01-150x150.jpg 150w, https:\/\/ajcultura.com.br\/bienal\/wp-content\/uploads\/2021\/03\/abienal-01-768x768.jpg 768w, https:\/\/ajcultura.com.br\/bienal\/wp-content\/uploads\/2021\/03\/abienal-01-100x100.jpg 100w, https:\/\/ajcultura.com.br\/bienal\/wp-content\/uploads\/2021\/03\/abienal-01-140x140.jpg 140w, https:\/\/ajcultura.com.br\/bienal\/wp-content\/uploads\/2021\/03\/abienal-01-500x500.jpg 500w, https:\/\/ajcultura.com.br\/bienal\/wp-content\/uploads\/2021\/03\/abienal-01-350x350.jpg 350w\" sizes=\"auto, (max-width: 800px) 100vw, 800px\" \/>[\/vc_column_text][\/vc_column_inner][\/vc_row_inner][vc_row_inner column_margin=&#8221;default&#8221; column_direction=&#8221;default&#8221; column_direction_tablet=&#8221;default&#8221; column_direction_phone=&#8221;default&#8221; bottom_padding=&#8221;2%&#8221; text_align=&#8221;left&#8221;][vc_column_inner column_padding=&#8221;no-extra-padding&#8221; column_padding_tablet=&#8221;inherit&#8221; column_padding_phone=&#8221;inherit&#8221; column_padding_position=&#8221;all&#8221; background_color_opacity=&#8221;1&#8243; background_hover_color_opacity=&#8221;1&#8243; column_shadow=&#8221;none&#8221; column_border_radius=&#8221;none&#8221; column_link_target=&#8221;_self&#8221; gradient_direction=&#8221;left_to_right&#8221; overlay_strength=&#8221;0.3&#8243; width=&#8221;1\/1&#8243; tablet_width_inherit=&#8221;default&#8221; column_border_width=&#8221;none&#8221; column_border_style=&#8221;solid&#8221; bg_image_animation=&#8221;none&#8221;][\/vc_column_inner][\/vc_row_inner][vc_row_inner column_margin=&#8221;default&#8221; column_direction=&#8221;default&#8221; column_direction_tablet=&#8221;default&#8221; column_direction_phone=&#8221;default&#8221; top_padding=&#8221;6%&#8221; bottom_padding=&#8221;2%&#8221; text_align=&#8221;left&#8221;][vc_column_inner column_padding=&#8221;no-extra-padding&#8221; column_padding_tablet=&#8221;inherit&#8221; column_padding_phone=&#8221;inherit&#8221; column_padding_position=&#8221;all&#8221; background_color=&#8221;#ffffff&#8221; background_color_opacity=&#8221;1&#8243; background_hover_color_opacity=&#8221;1&#8243; column_shadow=&#8221;none&#8221; column_border_radius=&#8221;none&#8221; column_link_target=&#8221;_self&#8221; gradient_direction=&#8221;left_to_right&#8221; overlay_strength=&#8221;0.3&#8243; width=&#8221;1\/1&#8243; tablet_width_inherit=&#8221;default&#8221; column_border_width=&#8221;none&#8221; column_border_style=&#8221;solid&#8221; bg_image_animation=&#8221;none&#8221;][vc_column_text]<img loading=\"lazy\" decoding=\"async\" class=\"alignleft size-full wp-image-381\" src=\"https:\/\/ajcultura.com.br\/bienal\/wp-content\/uploads\/2021\/03\/regua-bienal-2021-jaboticabal.png\" alt=\"\" width=\"1920\" height=\"126\" srcset=\"https:\/\/ajcultura.com.br\/bienal\/wp-content\/uploads\/2021\/03\/regua-bienal-2021-jaboticabal.png 1920w, https:\/\/ajcultura.com.br\/bienal\/wp-content\/uploads\/2021\/03\/regua-bienal-2021-jaboticabal-300x20.png 300w, https:\/\/ajcultura.com.br\/bienal\/wp-content\/uploads\/2021\/03\/regua-bienal-2021-jaboticabal-1024x67.png 1024w, https:\/\/ajcultura.com.br\/bienal\/wp-content\/uploads\/2021\/03\/regua-bienal-2021-jaboticabal-768x50.png 768w, https:\/\/ajcultura.com.br\/bienal\/wp-content\/uploads\/2021\/03\/regua-bienal-2021-jaboticabal-1536x101.png 1536w\" sizes=\"auto, (max-width: 1920px) 100vw, 1920px\" \/>[\/vc_column_text][\/vc_column_inner][\/vc_row_inner][\/vc_column][\/vc_row]\n","protected":false},"excerpt":{"rendered":"<p>[vc_row type=&#8221;full_width_background&#8221; full_screen_row_position=&#8221;middle&#8221; column_margin=&#8221;default&#8221; column_direction=&#8221;default&#8221; column_direction_tablet=&#8221;default&#8221; column_direction_phone=&#8221;default&#8221; bg_image=&#8221;123&#8243; bg_position=&#8221;left top&#8221; bg_repeat=&#8221;repeat&#8221; scene_position=&#8221;center&#8221; top_padding=&#8221;2%&#8221; text_color=&#8221;dark&#8221; text_align=&#8221;left&#8221; row_border_radius=&#8221;none&#8221; row_border_radius_applies=&#8221;bg&#8221; overlay_strength=&#8221;0.3&#8243; gradient_direction=&#8221;left_b_to_right_t&#8221; shape_divider_position=&#8221;bottom&#8221; bg_image_animation=&#8221;none&#8221; shape_type=&#8221;&#8221;][vc_column column_padding=&#8221;no-extra-padding&#8221; column_padding_tablet=&#8221;inherit&#8221; column_padding_phone=&#8221;inherit&#8221; column_padding_position=&#8221;all&#8221; background_color_opacity=&#8221;1&#8243; background_hover_color_opacity=&#8221;1&#8243; column_shadow=&#8221;none&#8221; column_border_radius=&#8221;none&#8221;&#8230;<\/p>\n","protected":false},"author":1,"featured_media":0,"parent":0,"menu_order":0,"comment_status":"closed","ping_status":"closed","template":"","meta":{"footnotes":""},"class_list":["post-237","page","type-page","status-publish"],"_links":{"self":[{"href":"https:\/\/ajcultura.com.br\/bienal\/wp-json\/wp\/v2\/pages\/237","targetHints":{"allow":["GET"]}}],"collection":[{"href":"https:\/\/ajcultura.com.br\/bienal\/wp-json\/wp\/v2\/pages"}],"about":[{"href":"https:\/\/ajcultura.com.br\/bienal\/wp-json\/wp\/v2\/types\/page"}],"author":[{"embeddable":true,"href":"https:\/\/ajcultura.com.br\/bienal\/wp-json\/wp\/v2\/users\/1"}],"replies":[{"embeddable":true,"href":"https:\/\/ajcultura.com.br\/bienal\/wp-json\/wp\/v2\/comments?post=237"}],"version-history":[{"count":11,"href":"https:\/\/ajcultura.com.br\/bienal\/wp-json\/wp\/v2\/pages\/237\/revisions"}],"predecessor-version":[{"id":1084,"href":"https:\/\/ajcultura.com.br\/bienal\/wp-json\/wp\/v2\/pages\/237\/revisions\/1084"}],"wp:attachment":[{"href":"https:\/\/ajcultura.com.br\/bienal\/wp-json\/wp\/v2\/media?parent=237"}],"curies":[{"name":"wp","href":"https:\/\/api.w.org\/{rel}","templated":true}]}}