{"id":182,"date":"2021-03-15T11:57:34","date_gmt":"2021-03-15T14:57:34","guid":{"rendered":"http:\/\/ajcultura.com.br\/bienal\/?page_id=182"},"modified":"2021-05-03T09:33:27","modified_gmt":"2021-05-03T12:33:27","slug":"sobre-a-bienal","status":"publish","type":"page","link":"https:\/\/ajcultura.com.br\/bienal\/sobre-a-bienal\/","title":{"rendered":"Sobre a Bienal"},"content":{"rendered":"[vc_row type=&#8221;full_width_background&#8221; full_screen_row_position=&#8221;middle&#8221; column_margin=&#8221;default&#8221; column_direction=&#8221;default&#8221; column_direction_tablet=&#8221;default&#8221; column_direction_phone=&#8221;default&#8221; bg_image=&#8221;123&#8243; bg_position=&#8221;left top&#8221; bg_repeat=&#8221;repeat&#8221; scene_position=&#8221;center&#8221; top_padding=&#8221;2%&#8221; text_color=&#8221;dark&#8221; text_align=&#8221;left&#8221; row_border_radius=&#8221;none&#8221; row_border_radius_applies=&#8221;bg&#8221; overlay_strength=&#8221;0.3&#8243; gradient_direction=&#8221;left_b_to_right_t&#8221; shape_divider_position=&#8221;bottom&#8221; bg_image_animation=&#8221;none&#8221; shape_type=&#8221;&#8221;][vc_column column_padding=&#8221;no-extra-padding&#8221; column_padding_tablet=&#8221;inherit&#8221; column_padding_phone=&#8221;inherit&#8221; column_padding_position=&#8221;all&#8221; background_color_opacity=&#8221;1&#8243; background_hover_color_opacity=&#8221;1&#8243; column_shadow=&#8221;none&#8221; column_border_radius=&#8221;none&#8221; column_link_target=&#8221;_self&#8221; gradient_direction=&#8221;left_to_right&#8221; overlay_strength=&#8221;0.3&#8243; width=&#8221;1\/1&#8243; tablet_width_inherit=&#8221;default&#8221; tablet_text_alignment=&#8221;default&#8221; phone_text_alignment=&#8221;default&#8221; column_border_width=&#8221;none&#8221; column_border_style=&#8221;solid&#8221; bg_image_animation=&#8221;none&#8221;][divider line_type=&#8221;No Line&#8221; custom_height=&#8221;140px&#8221;][nectar_horizontal_list_item columns=&#8221;3&#8243; column_layout_using_3_columns=&#8221;even&#8221; col_1_text_align=&#8221;left&#8221; col_2_text_align=&#8221;left&#8221; col_3_text_align=&#8221;left&#8221; col_1_text_element=&#8221;p&#8221; col_2_text_element=&#8221;p&#8221; col_3_text_element=&#8221;p&#8221; font_family=&#8221;h6&#8243; hover_effect=&#8221;default&#8221; hover_color=&#8221;extra-color-2&#8243; icon_family=&#8221;none&#8221; icon_size=&#8221;regular&#8221; col_1_content=&#8221;I Bienal Virtual de Artes e Cultura&#8221; col_2_content=&#8221;18 de mar\u00e7o a 16 de maio de 2021&#8243; col_3_content=&#8221;Jaboticabal,SP&#8221;][divider line_type=&#8221;No Line&#8221; custom_height=&#8221;50px&#8221;][vc_row_inner column_margin=&#8221;default&#8221; column_direction=&#8221;default&#8221; column_direction_tablet=&#8221;default&#8221; column_direction_phone=&#8221;default&#8221; top_padding=&#8221;2%&#8221; text_align=&#8221;left&#8221;][vc_column_inner column_padding=&#8221;no-extra-padding&#8221; column_padding_tablet=&#8221;inherit&#8221; column_padding_phone=&#8221;inherit&#8221; column_padding_position=&#8221;all&#8221; background_color_opacity=&#8221;1&#8243; background_hover_color_opacity=&#8221;1&#8243; column_shadow=&#8221;none&#8221; column_border_radius=&#8221;none&#8221; column_link_target=&#8221;_self&#8221; gradient_direction=&#8221;left_to_right&#8221; overlay_strength=&#8221;0.3&#8243; width=&#8221;1\/1&#8243; tablet_width_inherit=&#8221;default&#8221; column_border_width=&#8221;none&#8221; column_border_style=&#8221;solid&#8221; bg_image_animation=&#8221;none&#8221;][vc_column_text]<span style=\"letter-spacing: -6px; font-weight: 900; text-transform: uppercase; font-family: AcuminProBlack,sans-serif; font-size: 58px; color: #00548d;\">A BIENAL<\/span><\/p>\n<p>I Bienal Virtual de Arte e Cultura de Jaboticabal[\/vc_column_text][\/vc_column_inner][\/vc_row_inner][vc_row_inner equal_height=&#8221;yes&#8221; content_placement=&#8221;middle&#8221; column_margin=&#8221;default&#8221; column_direction=&#8221;default&#8221; column_direction_tablet=&#8221;default&#8221; column_direction_phone=&#8221;default&#8221; top_padding=&#8221;2%&#8221; bottom_padding=&#8221;2%&#8221; text_align=&#8221;left&#8221;][vc_column_inner column_padding=&#8221;no-extra-padding&#8221; column_padding_tablet=&#8221;inherit&#8221; column_padding_phone=&#8221;inherit&#8221; column_padding_position=&#8221;all&#8221; background_color_opacity=&#8221;1&#8243; background_hover_color_opacity=&#8221;1&#8243; column_shadow=&#8221;none&#8221; column_border_radius=&#8221;none&#8221; column_link_target=&#8221;_self&#8221; gradient_direction=&#8221;left_to_right&#8221; overlay_strength=&#8221;0.3&#8243; width=&#8221;1\/2&#8243; tablet_width_inherit=&#8221;default&#8221; column_border_width=&#8221;none&#8221; column_border_style=&#8221;solid&#8221; bg_image_animation=&#8221;none&#8221;][nectar_animated_title heading_tag=&#8221;h6&#8243; style=&#8221;color-strip-reveal&#8221; color=&#8221;Accent-Color&#8221; text=&#8221;Jaboticabal,SP&#8221;][vc_column_text]\n<h2>I Bienal Virtual de Arte e Cultura de Jaboticabal ser\u00e1 aberta no dia 18 de mar\u00e7o<\/h2>\n[\/vc_column_text][vc_column_text css=&#8221;.vc_custom_1616099995435{padding-right: 10% !important;}&#8221;]A Bienal conta com a participa\u00e7\u00e3o de <strong><span style=\"font-size: 20px; color: #ee0000;\">141 artistas<\/span><\/strong>, reunindo a produ\u00e7\u00e3o de dez artistas de Artes Pl\u00e1sticas e Visuais, <strong><span style=\"font-size: 20px; color: #ee0000;\">107 m\u00fasicos<\/span><\/strong>, 11 representa\u00e7\u00f5es das Artes C\u00eanicas, al\u00e9m de palestrantes e profissionais de cultura convidados.[\/vc_column_text][\/vc_column_inner][vc_column_inner column_padding=&#8221;no-extra-padding&#8221; column_padding_tablet=&#8221;inherit&#8221; column_padding_phone=&#8221;inherit&#8221; column_padding_position=&#8221;all&#8221; background_color_opacity=&#8221;1&#8243; background_hover_color_opacity=&#8221;1&#8243; column_shadow=&#8221;none&#8221; column_border_radius=&#8221;none&#8221; column_link_target=&#8221;_self&#8221; gradient_direction=&#8221;left_to_right&#8221; overlay_strength=&#8221;0.3&#8243; width=&#8221;1\/2&#8243; tablet_width_inherit=&#8221;default&#8221; column_border_width=&#8221;none&#8221; column_border_style=&#8221;solid&#8221; bg_image_animation=&#8221;none&#8221;][vc_column_text]<iframe loading=\"lazy\" src=\"https:\/\/www.youtube.com\/embed\/iGOPKLZLxhw\" width=\"560\" height=\"315\" frameborder=\"0\" allowfullscreen=\"allowfullscreen\"><\/iframe>[\/vc_column_text][\/vc_column_inner][\/vc_row_inner][vc_row_inner column_margin=&#8221;default&#8221; column_direction=&#8221;default&#8221; column_direction_tablet=&#8221;default&#8221; column_direction_phone=&#8221;default&#8221; top_padding=&#8221;2%&#8221; bottom_padding=&#8221;2%&#8221; text_align=&#8221;left&#8221;][vc_column_inner column_padding=&#8221;no-extra-padding&#8221; column_padding_tablet=&#8221;inherit&#8221; column_padding_phone=&#8221;inherit&#8221; column_padding_position=&#8221;all&#8221; background_color_opacity=&#8221;1&#8243; background_hover_color_opacity=&#8221;1&#8243; column_shadow=&#8221;none&#8221; column_border_radius=&#8221;none&#8221; column_link_target=&#8221;_self&#8221; gradient_direction=&#8221;left_to_right&#8221; overlay_strength=&#8221;0.3&#8243; width=&#8221;1\/1&#8243; tablet_width_inherit=&#8221;default&#8221; column_border_width=&#8221;none&#8221; column_border_style=&#8221;solid&#8221; bg_image_animation=&#8221;none&#8221;][vc_column_text css=&#8221;.vc_custom_1615830335927{padding-right: 10% !important;}&#8221;]Com a participa\u00e7\u00e3o de 141 artistas, a Associa\u00e7\u00e3o Jaboticabalense de Cultura \u2013 AJC, lan\u00e7a a I Bienal Virtual de Arte e Cultura de Jaboticabal, no dia 18 de mar\u00e7o, reunindo a produ\u00e7\u00e3o de dez artistas de Artes Pl\u00e1sticas e Visuais, 107 m\u00fasicos, 11 representantes das artes c\u00eanicas, al\u00e9m de palestrantes e profissionais de cultura convidados.<\/p>\n<p>As obras, lives, sess\u00f5es musicais, cenas teatrais, rodas de conversa, conta\u00e7\u00e3o de hist\u00f3rias, oficinas, e lan\u00e7amento de e-book, que integram a programa\u00e7\u00e3o, podem ser acessadas de forma virtual pelo site da Bienal e m\u00eddias sociais.<\/p>\n<h3 style=\"font-family: 'Montserrat'; color: #ee0000;\"><span style=\"color: #ee0000;\">A sele\u00e7\u00e3o de obras e a programa\u00e7\u00e3o ficaram a cargo dos nossos curadores:<\/span><\/h3>\n<p><img loading=\"lazy\" decoding=\"async\" class=\"alignleft wp-image-203 size-full\" src=\"http:\/\/ajcultura.com.br\/bienal\/wp-content\/uploads\/2021\/03\/abienal-01.jpg\" alt=\"\" width=\"800\" height=\"800\" srcset=\"https:\/\/ajcultura.com.br\/bienal\/wp-content\/uploads\/2021\/03\/abienal-01.jpg 800w, https:\/\/ajcultura.com.br\/bienal\/wp-content\/uploads\/2021\/03\/abienal-01-300x300.jpg 300w, https:\/\/ajcultura.com.br\/bienal\/wp-content\/uploads\/2021\/03\/abienal-01-150x150.jpg 150w, https:\/\/ajcultura.com.br\/bienal\/wp-content\/uploads\/2021\/03\/abienal-01-768x768.jpg 768w, https:\/\/ajcultura.com.br\/bienal\/wp-content\/uploads\/2021\/03\/abienal-01-100x100.jpg 100w, https:\/\/ajcultura.com.br\/bienal\/wp-content\/uploads\/2021\/03\/abienal-01-140x140.jpg 140w, https:\/\/ajcultura.com.br\/bienal\/wp-content\/uploads\/2021\/03\/abienal-01-500x500.jpg 500w, https:\/\/ajcultura.com.br\/bienal\/wp-content\/uploads\/2021\/03\/abienal-01-350x350.jpg 350w\" sizes=\"auto, (max-width: 800px) 100vw, 800px\" \/>[\/vc_column_text][\/vc_column_inner][\/vc_row_inner][vc_row_inner column_margin=&#8221;default&#8221; column_direction=&#8221;default&#8221; column_direction_tablet=&#8221;default&#8221; column_direction_phone=&#8221;default&#8221; top_padding=&#8221;2%&#8221; bottom_padding=&#8221;2%&#8221; text_align=&#8221;left&#8221;][vc_column_inner column_padding=&#8221;no-extra-padding&#8221; column_padding_tablet=&#8221;inherit&#8221; column_padding_phone=&#8221;inherit&#8221; column_padding_position=&#8221;all&#8221; background_color_opacity=&#8221;1&#8243; background_hover_color_opacity=&#8221;1&#8243; column_shadow=&#8221;none&#8221; column_border_radius=&#8221;none&#8221; column_link_target=&#8221;_self&#8221; gradient_direction=&#8221;left_to_right&#8221; overlay_strength=&#8221;0.3&#8243; width=&#8221;1\/1&#8243; tablet_width_inherit=&#8221;default&#8221; column_border_width=&#8221;none&#8221; column_border_style=&#8221;solid&#8221; bg_image_animation=&#8221;none&#8221;][vc_column_text css=&#8221;.vc_custom_1615830165827{padding-right: 10% !important;}&#8221;]O agravamento da Pandemia, nos primeiros dias de mar\u00e7o, contrariou os planos das produtoras executivas da Bienal, Alessandra Constantino e Thais Creolezio. A programa\u00e7\u00e3o inicialmente idealizada transmitiria lives e a\u00e7\u00f5es gravadas, reunindo um n\u00famero limitado de artistas, em espa\u00e7os culturais da cidade, como o Cine Teatro Manoel Marques de Melo e Escola de Artes Francisco B. Marino. No entanto, devido \u00e0 emerg\u00eancia sanit\u00e1ria e ao regresso de Jaboticabal \u00e0 fase vermelha do Plano S\u00e3o Paulo, as participa\u00e7\u00f5es dos artistas ser\u00e3o transmitidas diretamente de est\u00fadios.<\/p>\n<p>Como um completo painel sobre a cena cultural local, a Bienal traz artistas que t\u00eam impacto na produ\u00e7\u00e3o art\u00edstica de Jaboticabal, latino-americana e mundial. H\u00e1 artistas que integram exposi\u00e7\u00f5es permanentes em museus do Exterior. \u201cO crit\u00e9rio de sele\u00e7\u00e3o de obra e artistas participantes, n\u00e3o foi, especificamente, exigir que o artista tenha nascido na cidade, mas fundamentalmente, que seu trabalho seja relevante em nosso meio\u201d, destaca o curador de Artes Pl\u00e1sticas e Visuais, Andr\u00e9 Felipe Maria.<\/p>\n<p>\u201cN\u00f3s propusemos o di\u00e1logo entre os artistas da atual cena cultural da cidade com aqueles artistas que foram pioneiros na produ\u00e7\u00e3o cultural de Jaboticabal. As curadorias de Identidade Musical e de Artes Pl\u00e1sticas e Visuais promovem esse encontro entre passado e presente das artes\u201d, afirma Thais Creolezio, que, al\u00e9m de curadora de Identidade Cultural Musical da Bienal \u00e9 tamb\u00e9m, Diretora de Cultura do munic\u00edpio.<\/p>\n<p>A realiza\u00e7\u00e3o da Bienal \u00e9 da Secretaria de Cultura e Economia Criativa do Estado de S\u00e3o Paulo por meio do Programa de A\u00e7\u00e3o Cultural \u2013 ProAC LAB e da Secretaria de Cultura do Minist\u00e9rio do Turismo do Governo Federal. A Associa\u00e7\u00e3o Jaboticabalense de Cultura \u2013 AJC \u00e9 a proponente e respons\u00e1vel pelo evento.<\/p>\n<p>A AJC \u00e9 presidida pela tamb\u00e9m artista pl\u00e1stica Angela de St\u00e9fani Ruggiero, que participou da I e II Bienal de Arte e Cultura de Jaboticabal e dirigiu sua terceira edi\u00e7\u00e3o, em 2004. \u201cCom este formato virtual desta edi\u00e7\u00e3o, n\u00f3s da AJC reconhecemos o impacto da pandemia que traz imensos desafios para nossa comunidade. No entanto, ao mesmo tempo, entendemos que o encontro com a arte e a cultura \u00e9 muito importante neste momento, em que nossa sociedade vive, de modo coletivamente seus lutos, ansiedades, medos e traumas\u201d, destaca \u00c2ngela.[\/vc_column_text][\/vc_column_inner][\/vc_row_inner][vc_row_inner column_margin=&#8221;default&#8221; column_direction=&#8221;default&#8221; column_direction_tablet=&#8221;default&#8221; column_direction_phone=&#8221;default&#8221; bottom_padding=&#8221;2%&#8221; text_align=&#8221;left&#8221;][vc_column_inner column_padding=&#8221;no-extra-padding&#8221; column_padding_tablet=&#8221;inherit&#8221; column_padding_phone=&#8221;inherit&#8221; column_padding_position=&#8221;all&#8221; background_color_opacity=&#8221;1&#8243; background_hover_color_opacity=&#8221;1&#8243; column_shadow=&#8221;none&#8221; column_border_radius=&#8221;none&#8221; column_link_target=&#8221;_self&#8221; gradient_direction=&#8221;left_to_right&#8221; overlay_strength=&#8221;0.3&#8243; width=&#8221;1\/2&#8243; tablet_width_inherit=&#8221;default&#8221; column_border_width=&#8221;none&#8221; column_border_style=&#8221;solid&#8221; bg_image_animation=&#8221;none&#8221;][vc_column_text]<img loading=\"lazy\" decoding=\"async\" class=\"alignleft wp-image-202 size-full\" src=\"http:\/\/ajcultura.com.br\/bienal\/wp-content\/uploads\/2021\/03\/abienal-00.jpg\" alt=\"\" width=\"800\" height=\"800\" srcset=\"https:\/\/ajcultura.com.br\/bienal\/wp-content\/uploads\/2021\/03\/abienal-00.jpg 800w, https:\/\/ajcultura.com.br\/bienal\/wp-content\/uploads\/2021\/03\/abienal-00-300x300.jpg 300w, https:\/\/ajcultura.com.br\/bienal\/wp-content\/uploads\/2021\/03\/abienal-00-150x150.jpg 150w, https:\/\/ajcultura.com.br\/bienal\/wp-content\/uploads\/2021\/03\/abienal-00-768x768.jpg 768w, https:\/\/ajcultura.com.br\/bienal\/wp-content\/uploads\/2021\/03\/abienal-00-100x100.jpg 100w, https:\/\/ajcultura.com.br\/bienal\/wp-content\/uploads\/2021\/03\/abienal-00-140x140.jpg 140w, https:\/\/ajcultura.com.br\/bienal\/wp-content\/uploads\/2021\/03\/abienal-00-500x500.jpg 500w, https:\/\/ajcultura.com.br\/bienal\/wp-content\/uploads\/2021\/03\/abienal-00-350x350.jpg 350w\" sizes=\"auto, (max-width: 800px) 100vw, 800px\" \/>[\/vc_column_text][\/vc_column_inner][vc_column_inner column_padding=&#8221;no-extra-padding&#8221; column_padding_tablet=&#8221;inherit&#8221; column_padding_phone=&#8221;inherit&#8221; column_padding_position=&#8221;all&#8221; background_color_opacity=&#8221;1&#8243; background_hover_color_opacity=&#8221;1&#8243; column_shadow=&#8221;none&#8221; column_border_radius=&#8221;none&#8221; column_link_target=&#8221;_self&#8221; gradient_direction=&#8221;left_to_right&#8221; overlay_strength=&#8221;0.3&#8243; width=&#8221;1\/2&#8243; tablet_width_inherit=&#8221;default&#8221; column_border_width=&#8221;none&#8221; column_border_style=&#8221;solid&#8221; bg_image_animation=&#8221;none&#8221;][vc_column_text]<img loading=\"lazy\" decoding=\"async\" class=\"alignleft size-full wp-image-204\" src=\"http:\/\/ajcultura.com.br\/bienal\/wp-content\/uploads\/2021\/03\/abienal-02.jpg\" alt=\"\" width=\"800\" height=\"800\" srcset=\"https:\/\/ajcultura.com.br\/bienal\/wp-content\/uploads\/2021\/03\/abienal-02.jpg 800w, https:\/\/ajcultura.com.br\/bienal\/wp-content\/uploads\/2021\/03\/abienal-02-300x300.jpg 300w, https:\/\/ajcultura.com.br\/bienal\/wp-content\/uploads\/2021\/03\/abienal-02-150x150.jpg 150w, https:\/\/ajcultura.com.br\/bienal\/wp-content\/uploads\/2021\/03\/abienal-02-768x768.jpg 768w, https:\/\/ajcultura.com.br\/bienal\/wp-content\/uploads\/2021\/03\/abienal-02-100x100.jpg 100w, https:\/\/ajcultura.com.br\/bienal\/wp-content\/uploads\/2021\/03\/abienal-02-140x140.jpg 140w, https:\/\/ajcultura.com.br\/bienal\/wp-content\/uploads\/2021\/03\/abienal-02-500x500.jpg 500w, https:\/\/ajcultura.com.br\/bienal\/wp-content\/uploads\/2021\/03\/abienal-02-350x350.jpg 350w\" sizes=\"auto, (max-width: 800px) 100vw, 800px\" \/>[\/vc_column_text][\/vc_column_inner][\/vc_row_inner][vc_row_inner column_margin=&#8221;default&#8221; column_direction=&#8221;default&#8221; column_direction_tablet=&#8221;default&#8221; column_direction_phone=&#8221;default&#8221; top_padding=&#8221;2%&#8221; bottom_padding=&#8221;2%&#8221; text_align=&#8221;left&#8221;][vc_column_inner column_padding=&#8221;no-extra-padding&#8221; column_padding_tablet=&#8221;inherit&#8221; column_padding_phone=&#8221;inherit&#8221; column_padding_position=&#8221;all&#8221; centered_text=&#8221;true&#8221; background_color_opacity=&#8221;1&#8243; background_hover_color_opacity=&#8221;1&#8243; column_shadow=&#8221;none&#8221; column_border_radius=&#8221;none&#8221; column_link_target=&#8221;_self&#8221; gradient_direction=&#8221;left_to_right&#8221; overlay_strength=&#8221;0.3&#8243; width=&#8221;1\/1&#8243; tablet_width_inherit=&#8221;default&#8221; column_border_width=&#8221;none&#8221; column_border_style=&#8221;solid&#8221; bg_image_animation=&#8221;none&#8221;][nectar_btn size=&#8221;large&#8221; button_style=&#8221;see-through-2&#8243; color_override=&#8221;#ee0000&#8243; hover_text_color_override=&#8221;#ffffff&#8221; icon_family=&#8221;none&#8221; text=&#8221;FICHA T\u00c9CNICA&#8221; url=&#8221;https:\/\/ajcultura.com.br\/bienal\/ficha-tecnica\/&#8221;][\/vc_column_inner][\/vc_row_inner][vc_row_inner column_margin=&#8221;default&#8221; column_direction=&#8221;default&#8221; column_direction_tablet=&#8221;default&#8221; column_direction_phone=&#8221;default&#8221; top_padding=&#8221;6%&#8221; bottom_padding=&#8221;2%&#8221; text_align=&#8221;left&#8221;][vc_column_inner column_padding=&#8221;no-extra-padding&#8221; column_padding_tablet=&#8221;inherit&#8221; column_padding_phone=&#8221;inherit&#8221; column_padding_position=&#8221;all&#8221; background_color=&#8221;#ffffff&#8221; background_color_opacity=&#8221;1&#8243; background_hover_color_opacity=&#8221;1&#8243; column_shadow=&#8221;none&#8221; column_border_radius=&#8221;none&#8221; column_link_target=&#8221;_self&#8221; gradient_direction=&#8221;left_to_right&#8221; overlay_strength=&#8221;0.3&#8243; width=&#8221;1\/1&#8243; tablet_width_inherit=&#8221;default&#8221; column_border_width=&#8221;none&#8221; column_border_style=&#8221;solid&#8221; bg_image_animation=&#8221;none&#8221;][vc_column_text]<img loading=\"lazy\" decoding=\"async\" class=\"alignleft size-full wp-image-381\" src=\"https:\/\/ajcultura.com.br\/bienal\/wp-content\/uploads\/2021\/03\/regua-bienal-2021-jaboticabal.png\" alt=\"\" width=\"1920\" height=\"126\" srcset=\"https:\/\/ajcultura.com.br\/bienal\/wp-content\/uploads\/2021\/03\/regua-bienal-2021-jaboticabal.png 1920w, https:\/\/ajcultura.com.br\/bienal\/wp-content\/uploads\/2021\/03\/regua-bienal-2021-jaboticabal-300x20.png 300w, https:\/\/ajcultura.com.br\/bienal\/wp-content\/uploads\/2021\/03\/regua-bienal-2021-jaboticabal-1024x67.png 1024w, https:\/\/ajcultura.com.br\/bienal\/wp-content\/uploads\/2021\/03\/regua-bienal-2021-jaboticabal-768x50.png 768w, https:\/\/ajcultura.com.br\/bienal\/wp-content\/uploads\/2021\/03\/regua-bienal-2021-jaboticabal-1536x101.png 1536w\" sizes=\"auto, (max-width: 1920px) 100vw, 1920px\" \/>[\/vc_column_text][\/vc_column_inner][\/vc_row_inner][\/vc_column][\/vc_row]\n","protected":false},"excerpt":{"rendered":"<p>[vc_row type=&#8221;full_width_background&#8221; full_screen_row_position=&#8221;middle&#8221; column_margin=&#8221;default&#8221; column_direction=&#8221;default&#8221; column_direction_tablet=&#8221;default&#8221; column_direction_phone=&#8221;default&#8221; bg_image=&#8221;123&#8243; bg_position=&#8221;left top&#8221; bg_repeat=&#8221;repeat&#8221; scene_position=&#8221;center&#8221; top_padding=&#8221;2%&#8221; text_color=&#8221;dark&#8221; text_align=&#8221;left&#8221; row_border_radius=&#8221;none&#8221; row_border_radius_applies=&#8221;bg&#8221; overlay_strength=&#8221;0.3&#8243; gradient_direction=&#8221;left_b_to_right_t&#8221; shape_divider_position=&#8221;bottom&#8221; bg_image_animation=&#8221;none&#8221; shape_type=&#8221;&#8221;][vc_column column_padding=&#8221;no-extra-padding&#8221; column_padding_tablet=&#8221;inherit&#8221; column_padding_phone=&#8221;inherit&#8221; column_padding_position=&#8221;all&#8221; background_color_opacity=&#8221;1&#8243; background_hover_color_opacity=&#8221;1&#8243; column_shadow=&#8221;none&#8221; column_border_radius=&#8221;none&#8221;&#8230;<\/p>\n","protected":false},"author":1,"featured_media":0,"parent":0,"menu_order":0,"comment_status":"closed","ping_status":"closed","template":"","meta":{"footnotes":""},"class_list":["post-182","page","type-page","status-publish"],"_links":{"self":[{"href":"https:\/\/ajcultura.com.br\/bienal\/wp-json\/wp\/v2\/pages\/182","targetHints":{"allow":["GET"]}}],"collection":[{"href":"https:\/\/ajcultura.com.br\/bienal\/wp-json\/wp\/v2\/pages"}],"about":[{"href":"https:\/\/ajcultura.com.br\/bienal\/wp-json\/wp\/v2\/types\/page"}],"author":[{"embeddable":true,"href":"https:\/\/ajcultura.com.br\/bienal\/wp-json\/wp\/v2\/users\/1"}],"replies":[{"embeddable":true,"href":"https:\/\/ajcultura.com.br\/bienal\/wp-json\/wp\/v2\/comments?post=182"}],"version-history":[{"count":20,"href":"https:\/\/ajcultura.com.br\/bienal\/wp-json\/wp\/v2\/pages\/182\/revisions"}],"predecessor-version":[{"id":1083,"href":"https:\/\/ajcultura.com.br\/bienal\/wp-json\/wp\/v2\/pages\/182\/revisions\/1083"}],"wp:attachment":[{"href":"https:\/\/ajcultura.com.br\/bienal\/wp-json\/wp\/v2\/media?parent=182"}],"curies":[{"name":"wp","href":"https:\/\/api.w.org\/{rel}","templated":true}]}}